{"id":58,"date":"2014-12-03T16:15:27","date_gmt":"2014-12-03T16:15:27","guid":{"rendered":"http:\/\/www.tropiko.eu\/cz\/?post_type=product&#038;p=58"},"modified":"2023-01-23T17:09:46","modified_gmt":"2023-01-23T17:09:46","slug":"tropiko-360","status":"publish","type":"product","link":"https:\/\/www.tropiko.cz\/cz\/produkt\/tropiko-360\/","title":{"rendered":"TROPIKO 360"},"content":{"rendered":"<p>Sez\u00f3nn\u00ed zast\u0159e\u0161en\u00ed kruhov\u00e9ho baz\u00e9nu. Pr\u016fm\u011br zast\u0159e\u0161en\u00ed 360 cm.<br \/>\nPro zast\u0159e\u0161en\u00ed baz\u00e9nu zapu\u0161t\u011bn\u00e9ho do pr\u016fm\u011bru 310 cm a\u00a0nadzemn\u00edho kulat\u00e9ho baz\u00e9nu.<br \/>\nHlin\u00edkov\u00e1 konstrukce pota\u017een\u00e1 kvalitn\u00ed f\u00f3li\u00ed. Jednoduch\u00e1 manipulace, 100% otev\u0159en\u00ed.<\/p>\n<p>Zast\u0159e\u0161en\u00ed baz\u00e9n\u016f TROPIKO pr\u016fm\u011br 360 cm<br \/>\nPr\u016fm\u011br zast\u0159e\u0161en\u00ed na ter\u00e9nu je max. 3,6 m, v\u00fd\u0161ka 1,8 m.<\/p>\n<p><strong>Doporu\u010dujeme<\/strong><br \/>\npro zapu\u0161t\u011bn\u00e9 baz\u00e9ny do pr\u016fm\u011bru 310 cm<br \/>\npro nadzemn\u00ed baz\u00e9ny dle tabulky (nap\u0159\u00edklad pro baz\u00e9ny v\u00fd\u0161ky 66 cm nad ter\u00e9nem o pr\u016fm\u011bru max. 300 cm)<\/p>\n<p><strong>Term\u00edn dod\u00e1n\u00ed<\/strong><br \/>\nexpedice do 3 dn\u016f od potvrzen\u00ed objedn\u00e1vky.<\/p>\n<p><strong>Doru\u010den\u00ed<br \/>\n<\/strong>Zbo\u017e\u00ed je zasl\u00e1no kur\u00fdrn\u00edm p\u0159epravcem, bez mont\u00e1\u017ee.<\/p>\n<p><strong>Z\u00e1ru\u010dn\u00ed doba<br \/>\n<\/strong>24 m\u011bs\u00edc\u016f.<\/p>\n<p><strong>Balen\u00ed<br \/>\n<\/strong>Kartonov\u00fd obal 210 cm x 53 cm x 20 cm, hmotnost 29 kg.<\/p>\n<p><strong>Mont\u00e1\u017en\u00ed n\u00e1vod<\/strong>, z\u00e1ru\u010dn\u00ed list a provozn\u00ed pokyny ke sta\u017een\u00ed ve <a href=\"http:\/\/www.tropiko.cz\/cz\/wp-content\/uploads\/TROPIKO-CZ-2015.pdf\" target=\"_blank\" rel=\"noopener noreferrer\">form\u00e1tu PDF<\/a>.<\/p>\n","protected":false},"excerpt":{"rendered":"<p>Sez\u00f3nn\u00ed zast\u0159e\u0161en\u00ed kruhov\u00e9ho baz\u00e9nu. Pr\u016fm\u011br zast\u0159e\u0161en\u00ed 360 cm.<br \/>\nPro zast\u0159e\u0161en\u00ed baz\u00e9nu zapu\u0161t\u011bn\u00e9ho do pr\u016fm\u011bru 310 cm a\u00a0nadzemn\u00edho kulat\u00e9ho baz\u00e9nu.<br \/>\nHlin\u00edkov\u00e1 konstrukce pota\u017een\u00e1 kvalitn\u00ed f\u00f3li\u00ed. Jednoduch\u00e1 manipulace, 100% otev\u0159en\u00ed.<\/p>\n","protected":false},"featured_media":117,"comment_status":"closed","ping_status":"closed","template":"","meta":[],"product_brand":[],"product_cat":[9],"product_tag":[17,23,18,16,15,19,20,21,22,12,13,11],"class_list":{"0":"post-58","1":"product","2":"type-product","3":"status-publish","4":"has-post-thumbnail","6":"product_cat-tropiko","7":"product_tag-azuro","8":"product_tag-florida","9":"product_tag-hawai","10":"product_tag-kruhovy-bazen","11":"product_tag-kulate-zastreseni","12":"product_tag-orlando","13":"product_tag-swing","14":"product_tag-tampa","15":"product_tag-wehncke","16":"product_tag-zakryti-bazenu","17":"product_tag-zapusteny-bazen","18":"product_tag-zastreseni-bazenu","19":"product_shipping_class-doruceni-zdarma","21":"first","22":"instock","23":"taxable","24":"shipping-taxable","25":"purchasable","26":"product-type-simple"},"_links":{"self":[{"href":"https:\/\/www.tropiko.cz\/cz\/wp-json\/wp\/v2\/product\/58","targetHints":{"allow":["GET"]}}],"collection":[{"href":"https:\/\/www.tropiko.cz\/cz\/wp-json\/wp\/v2\/product"}],"about":[{"href":"https:\/\/www.tropiko.cz\/cz\/wp-json\/wp\/v2\/types\/product"}],"replies":[{"embeddable":true,"href":"https:\/\/www.tropiko.cz\/cz\/wp-json\/wp\/v2\/comments?post=58"}],"wp:featuredmedia":[{"embeddable":true,"href":"https:\/\/www.tropiko.cz\/cz\/wp-json\/wp\/v2\/media\/117"}],"wp:attachment":[{"href":"https:\/\/www.tropiko.cz\/cz\/wp-json\/wp\/v2\/media?parent=58"}],"wp:term":[{"taxonomy":"product_brand","embeddable":true,"href":"https:\/\/www.tropiko.cz\/cz\/wp-json\/wp\/v2\/product_brand?post=58"},{"taxonomy":"product_cat","embeddable":true,"href":"https:\/\/www.tropiko.cz\/cz\/wp-json\/wp\/v2\/product_cat?post=58"},{"taxonomy":"product_tag","embeddable":true,"href":"https:\/\/www.tropiko.cz\/cz\/wp-json\/wp\/v2\/product_tag?post=58"}],"curies":[{"name":"wp","href":"https:\/\/api.w.org\/{rel}","templated":true}]}}