{"id":9,"date":"2014-12-03T15:26:41","date_gmt":"2014-12-03T15:26:41","guid":{"rendered":"http:\/\/www.tropiko.eu\/cz\/?page_id=9"},"modified":"2019-07-14T05:00:49","modified_gmt":"2019-07-14T05:00:49","slug":"zastreseni-tropiko","status":"publish","type":"page","link":"https:\/\/www.tropiko.cz\/cz\/","title":{"rendered":"zast\u0159e\u0161en\u00ed TROPIKO"},"content":{"rendered":"<p>Zast\u0159e\u0161en\u00ed baz\u00e9nu TROPIKO je ur\u010deno pro zast\u0159e\u0161en\u00ed baz\u00e9n\u016f stoj\u00edc\u00edch na povrchu nebo z\u010d\u00e1sti \u010di zcela zapu\u0161t\u011bn\u00fdch do ter\u00e9nu. Zast\u0159e\u0161en\u00ed TROPIKO je ur\u010deno pro baz\u00e9ny do pr\u016fm\u011bru a\u017e 5 m. Jednoduch\u00e1 a p\u0159itom pevn\u00e1 konstrukce umo\u017e\u0148uje velmi snadnou manipulaci se zast\u0159e\u0161en\u00edm v\u0161ech rozm\u011br\u016f. Zast\u0159e\u0161en\u00ed TROPIKO dod\u00e1v\u00e1me ve velikostech pr\u016fm\u011bru 3,6 m, 4,2 m, 5,0 m a 5,5 m.<br \/>\n<a href=\"http:\/\/www.tropiko.eu\/cz\/wp-content\/uploads\/tropiko-16.jpg\"><img loading=\"lazy\" decoding=\"async\" class=\"alignnone wp-image-104 size-medium\" src=\"http:\/\/www.tropiko.eu\/cz\/wp-content\/uploads\/tropiko-16-300x225.jpg\" alt=\"Zast\u0159e\u0161en\u00ed baz\u00e9nu TROPIKO pro del\u0161\u00ed koup\u00e1n\u00ed, tepl\u00fd baz\u00e9n a \u010distou vodu jako azuro. Pro nadzemn\u00ed i zapu\u0161t\u011bn\u00e9 (kruhov\u00e9 \/ kulat\u00e9) zahradn\u00ed baz\u00e9ny.\" width=\"300\" height=\"225\" srcset=\"https:\/\/www.tropiko.cz\/cz\/wp-content\/uploads\/tropiko-16-300x225.jpg 300w, https:\/\/www.tropiko.cz\/cz\/wp-content\/uploads\/tropiko-16-150x113.jpg 150w, https:\/\/www.tropiko.cz\/cz\/wp-content\/uploads\/tropiko-16-1024x768.jpg 1024w, https:\/\/www.tropiko.cz\/cz\/wp-content\/uploads\/tropiko-16.jpg 1200w\" sizes=\"auto, (max-width: 300px) 100vw, 300px\" \/><\/a><\/p>\n<p>Ve srovn\u00e1n\u00ed se sol\u00e1rn\u00edm oh\u0159evem vody v\u00a0kolektorech se zast\u0159e\u0161en\u00edm baz\u00e9nu dos\u00e1hne v\u00a0podstat\u011b stejn\u00e9ho efektu zv\u00fd\u0161en\u00ed teploty vody v\u00a0baz\u00e9nu p\u0159i podobn\u00fdch po\u0159izovac\u00edch n\u00e1kladech. Se zast\u0159e\u0161en\u00edm nav\u00edc z\u00edsk\u00e1v\u00e1me dal\u0161\u00ed v\u00fdhody. Zast\u0159e\u0161en\u00edm baz\u00e9nu se zlep\u0161\u00ed klima nad vodn\u00ed hladinou, zv\u00fd\u0161\u00ed komfort koup\u00e1n\u00ed a v\u00fdrazn\u011b se zv\u00fd\u0161\u00ed \u010distota vody i prost\u0159ed\u00ed baz\u00e9nu. Velmi uspo\u0159\u00edme p\u0159i \u00fadr\u017eb\u011b baz\u00e9nu.<\/p>\n<p>P\u0159i v\u00fdvoji byl d\u016fraz kladen na mo\u017enost 100% otev\u0159en\u00ed krytu pro neru\u0161en\u00e9 koup\u00e1n\u00ed pod letn\u00edm nebem.<\/p>\n<p>Konstrukci zast\u0159e\u0161en\u00ed tvo\u0159\u00ed hlin\u00edkov\u00e9 tvarovan\u00e9 trubky povrchov\u011b upraven\u00e9 eloxov\u00e1n\u00edm. Zvolen\u00e1 konstrukce zaji\u0161\u0165uje vysokou pevnost a snadnou manipulaci. Na konstrukci je napnut\u00e1 speci\u00e1ln\u00ed \u010dir\u00e1 le\u0161t\u011bn\u00e1 f\u00f3lie, kter\u00e1 je odoln\u00e1 UV z\u00e1\u0159en\u00ed. D\u00edky vysok\u00e9 pr\u016fhlednosti tak nevznik\u00e1 pocit uzav\u0159en\u00e9ho prostoru ani v p\u0159\u00edpad\u011b p\u0159iv\u0159en\u00ed krytu. Opl\u00e1\u0161t\u011bn\u00ed m\u00e1 na spodn\u00edch okraj\u00edch na\u0161it\u00e9 ochrann\u00e9 pruhy z modr\u00e9ho polyesteru s voduodpudivou \u00fapravou. Jednostrann\u00e9 otev\u00edr\u00e1n\u00ed je \u0159e\u0161eno jedine\u010dn\u00fdm kloubov\u00fdm segmentem navr\u017een\u00fdm vlastn\u00ed konstruk\u010dn\u00ed kancel\u00e1\u0159\u00ed.<\/p>\n<p>Mont\u00e1\u017e zast\u0159e\u0161en\u00ed nevy\u017eaduje \u017e\u00e1dn\u00e9 stavebn\u00ed \u010di ter\u00e9nn\u00ed \u00fapravy.<br \/>\n<iframe loading=\"lazy\" src=\"\/\/www.youtube.com\/embed\/zzCjGlMyI5E\" width=\"560\" height=\"315\" frameborder=\"0\" allowfullscreen=\"allowfullscreen\"><\/iframe><\/p>\n","protected":false},"excerpt":{"rendered":"<p>Zast\u0159e\u0161en\u00ed baz\u00e9nu TROPIKO je ur\u010deno pro zast\u0159e\u0161en\u00ed baz\u00e9n\u016f stoj\u00edc\u00edch na povrchu nebo z\u010d\u00e1sti \u010di zcela zapu\u0161t\u011bn\u00fdch do ter\u00e9nu. Zast\u0159e\u0161en\u00ed TROPIKO je ur\u010deno pro baz\u00e9ny do pr\u016fm\u011bru a\u017e 5 m. Jednoduch\u00e1 a p\u0159itom pevn\u00e1 konstrukce umo\u017e\u0148uje velmi snadnou manipulaci se zast\u0159e\u0161en\u00edm v\u0161ech rozm\u011br\u016f. Zast\u0159e\u0161en\u00ed TROPIKO dod\u00e1v\u00e1me ve velikostech pr\u016fm\u011bru 3,6 m, 4,2 m, 5,0 m a [&#8230;]\n","protected":false},"author":1,"featured_media":0,"parent":0,"menu_order":0,"comment_status":"closed","ping_status":"open","template":"","meta":{"footnotes":""},"class_list":["post-9","page","type-page","status-publish","hentry"],"_links":{"self":[{"href":"https:\/\/www.tropiko.cz\/cz\/wp-json\/wp\/v2\/pages\/9","targetHints":{"allow":["GET"]}}],"collection":[{"href":"https:\/\/www.tropiko.cz\/cz\/wp-json\/wp\/v2\/pages"}],"about":[{"href":"https:\/\/www.tropiko.cz\/cz\/wp-json\/wp\/v2\/types\/page"}],"author":[{"embeddable":true,"href":"https:\/\/www.tropiko.cz\/cz\/wp-json\/wp\/v2\/users\/1"}],"replies":[{"embeddable":true,"href":"https:\/\/www.tropiko.cz\/cz\/wp-json\/wp\/v2\/comments?post=9"}],"version-history":[{"count":8,"href":"https:\/\/www.tropiko.cz\/cz\/wp-json\/wp\/v2\/pages\/9\/revisions"}],"predecessor-version":[{"id":290,"href":"https:\/\/www.tropiko.cz\/cz\/wp-json\/wp\/v2\/pages\/9\/revisions\/290"}],"wp:attachment":[{"href":"https:\/\/www.tropiko.cz\/cz\/wp-json\/wp\/v2\/media?parent=9"}],"curies":[{"name":"wp","href":"https:\/\/api.w.org\/{rel}","templated":true}]}}