{"id":228,"date":"2018-12-17T10:55:57","date_gmt":"2018-12-17T10:55:57","guid":{"rendered":"http:\/\/www.tropiko.cz\/cz\/?page_id=228"},"modified":"2023-01-19T13:50:25","modified_gmt":"2023-01-19T13:50:25","slug":"ochrana-osobnich-udaju","status":"publish","type":"page","link":"https:\/\/www.tropiko.cz\/cz\/ochrana-osobnich-udaju\/","title":{"rendered":"Ochrana osobn\u00edch \u00fadaj\u016f"},"content":{"rendered":"<p style=\"text-align: center;\">Podm\u00ednky ochrany osobn\u00edch \u00fadaj\u016f<\/p>\n<p style=\"text-align: center;\">spole\u010dnosti Systemia s. r. o.<br \/>\nse s\u00eddlem Smetanova 131, 250 82 \u00davaly,<br \/>\nI\u010c 28513177, DI\u010c\u00a0 CZ28513177 zapsan\u00e1 v obchodn\u00edm rejst\u0159\u00edku<br \/>\npod spisovou zna\u010dkou C 147064 u rejst\u0159\u00edkov\u00e9ho soudu v\u00a0Praze.<\/p>\n<p>Spr\u00e1vcem osobn\u00edch \u00fadaj\u016f podle \u010dl. 4 bod 7 na\u0159\u00edzen\u00ed Evropsk\u00e9ho parlamentu a Rady (EU) 2016\/679 o ochran\u011b fyzick\u00fdch osob v souvislosti se zpracov\u00e1n\u00edm osobn\u00edch \u00fadaj\u016f a o voln\u00e9m pohybu t\u011bchto \u00fadaj\u016f (d\u00e1le jen: \u201eGDPR\u201d) je Systemia s. r. o. se s\u00eddlem Smetanova 131, 250 82 \u00davaly, I\u010c 28513177, zapsan\u00e1 v obchodn\u00edm rejst\u0159\u00edku pod spisovou zna\u010dkou C 147064 u rejst\u0159\u00edkov\u00e9ho soudu v Praze. (d\u00e1le jen: \u201espr\u00e1vce\u201c).<br \/>\nSpr\u00e1vce nejmenoval pov\u011b\u0159ence pro ochranu osobn\u00edch \u00fadaj\u016f.<\/p>\n<p><strong>Kontaktn\u00ed \u00fadaje spr\u00e1vce<\/strong><br \/>\nadresa: Smetanova 131, \u00davaly, \u010cesk\u00e1 republika<br \/>\ninternetov\u00e9 str\u00e1nky: www.tropiko.eu, www.tropiko.at, www.tropiko.cz, www.tropiko.de, www.tropiko.it, www.tropiko.fr, www.tropiko.hu, www.tropiko.sk<br \/>\ntelefon: +420 722241426<br \/>\nemail: prodej@tropiko.cz, sale@tropiko.eu<\/p>\n<p><strong>Osobn\u00ed \u00fadaje<\/strong><br \/>\nOsobn\u00edmi \u00fadaji se rozum\u00ed ve\u0161ker\u00e9 informace o identifikovan\u00e9 nebo identifikovateln\u00e9 fyzick\u00e9 osob\u011b, kter\u00e1 je z\u00e1jemcem nebo kupuj\u00edc\u00edm (d\u00e1le \u201ez\u00e1jemce\u201c).<br \/>\nIdentifikovatelnou fyzickou osobou je fyzick\u00e1 osoba, kterou lze p\u0159\u00edmo \u010di nep\u0159\u00edmo identifikovat, zejm\u00e9na odkazem na ur\u010dit\u00fd identifik\u00e1tor (nap\u0159\u00edklad jm\u00e9no, loka\u010dn\u00ed \u00fadaje).<\/p>\n<p><strong>Zpracov\u00e1n\u00ed osobn\u00edch \u00fadaj\u016f<\/strong><br \/>\nSpr\u00e1vce zpracov\u00e1v\u00e1 osobn\u00ed \u00fadaje, kter\u00e9 mu z\u00e1jemce poskytl nebo osobn\u00ed \u00fadaje, kter\u00e9 spr\u00e1vce z\u00edskal na z\u00e1klad\u011b pln\u011bn\u00ed objedn\u00e1vky.<br \/>\nSpr\u00e1vce zpracov\u00e1v\u00e1 identifika\u010dn\u00ed a kontaktn\u00ed \u00fadaje a \u00fadaje nezbytn\u00e9 pro pln\u011bn\u00ed smlouvy.<\/p>\n<p>\u00da\u010delem zpracov\u00e1n\u00ed osobn\u00edch \u00fadaj\u016f je:<\/p>\n<ul>\n<li>Vy\u0159\u00edzen\u00ed objedn\u00e1vky z\u00e1jemce.<\/li>\n<li>Zas\u00edl\u00e1n\u00ed obchodn\u00edch sd\u011blen\u00ed a marketingov\u00e9 aktivity.<\/li>\n<\/ul>\n<p>Z\u00e1konn\u00fdm d\u016fvodem zpracov\u00e1n\u00ed osobn\u00edch \u00fadaj\u016f je:<\/p>\n<ul>\n<li>Pln\u011bn\u00ed smlouvy mezi z\u00e1jemcem (kupuj\u00edc\u00edm) a spr\u00e1vcem podle \u010dl. 6 odst. 1 p\u00edsm. b) GDPR.<\/li>\n<li>Opr\u00e1vn\u011bn\u00fd z\u00e1jem spr\u00e1vce na poskytov\u00e1n\u00ed p\u0159\u00edm\u00e9ho marketingu podle \u010dl. 6 odst. 1 p\u00edsm. f) GDPR.<\/li>\n<li>Souhlas z\u00e1jemce se zpracov\u00e1n\u00edm pro \u00fa\u010dely poskytov\u00e1n\u00ed p\u0159\u00edm\u00e9ho marketingu (zejm\u00e9na pro zas\u00edl\u00e1n\u00ed obchodn\u00edch sd\u011blen\u00ed a newsletter\u016f) podle \u010dl. 6 odst. 1 p\u00edsm. a) GDPR ve spojen\u00ed s \u00a7 7 odst. 2 z\u00e1kona \u010d. 480\/2004 Sb., o n\u011bkter\u00fdch slu\u017eb\u00e1ch informa\u010dn\u00ed spole\u010dnosti v p\u0159\u00edpad\u011b, \u017ee nedo\u0161lo k objedn\u00e1vce zbo\u017e\u00ed nebo slu\u017eby.<\/li>\n<\/ul>\n<p>P\u0159i objedn\u00e1vce jsou vy\u017eadov\u00e1ny osobn\u00ed \u00fadaje, kter\u00e9 jsou nutn\u00e9 pro \u00fasp\u011b\u0161n\u00e9 vy\u0159\u00edzen\u00ed objedn\u00e1vky (jm\u00e9no a adresa, kontakt). Poskytnut\u00ed osobn\u00edch \u00fadaj\u016f je nutn\u00fdm po\u017eadavkem pro uzav\u0159en\u00ed a pln\u011bn\u00ed smlouvy. Bez poskytnut\u00ed osobn\u00edch \u00fadaj\u016f nen\u00ed mo\u017en\u00e9 smlouvu uzav\u0159\u00edt \u010di j\u00ed ze strany spr\u00e1vce plnit.<\/p>\n<p>Ze strany spr\u00e1vce doch\u00e1z\u00ed k automatick\u00e9mu individu\u00e1ln\u00edmu rozhodov\u00e1n\u00ed ve smyslu \u010dl. 22 GDPR. S takov\u00fdm zpracov\u00e1n\u00edm poskytuje z\u00e1jemce sv\u016fj v\u00fdslovn\u00fd souhlas.<\/p>\n<p>Spr\u00e1vce uchov\u00e1v\u00e1 osobn\u00ed \u00fadaje:<\/p>\n<ul>\n<li>Po dobu nutnou k v\u00fdkonu pr\u00e1v a povinnost\u00ed vypl\u00fdvaj\u00edc\u00edch ze smluvn\u00edho vztahu.<\/li>\n<li>Po dobu, ne\u017e je odvol\u00e1n souhlas se zpracov\u00e1n\u00edm osobn\u00edch \u00fadaj\u016f pro \u00fa\u010dely marketingu, nejd\u00e9le 20 let.<\/li>\n<\/ul>\n<p>Po uplynut\u00ed doby uchov\u00e1v\u00e1n\u00ed osobn\u00edch \u00fadaj\u016f spr\u00e1vce osobn\u00ed \u00fadaje zlikviduje.<\/p>\n<p><strong>P\u0159\u00edjemci osobn\u00edch \u00fadaj\u016f<\/strong><br \/>\nP\u0159\u00edjemci osobn\u00edch \u00fadaj\u016f jsou osoby, kter\u00e9 se pod\u00edlej\u00ed na dod\u00e1n\u00ed zbo\u017e\u00ed a slu\u017eeb (dopravce), realizaci plateb, zaji\u0161\u0165uj\u00ed provozov\u00e1n\u00ed e-shopu a marketingov\u00e9 slu\u017eby.<br \/>\nSpr\u00e1vce nep\u0159ed\u00e1v\u00e1 osobn\u00ed \u00fadaje do zem\u00ed mimo EU nebo mezin\u00e1rodn\u00ed organizaci.<\/p>\n<p><strong>Pr\u00e1va z\u00e1jemce<\/strong><br \/>\nZa podm\u00ednek stanoven\u00fdch v GDPR m\u00e1 z\u00e1jemce:<\/p>\n<ul>\n<li>Pr\u00e1vo na p\u0159\u00edstup ke sv\u00fdm osobn\u00edm \u00fadaj\u016fm dle \u010dl. 15 GDPR.<\/li>\n<li>Pr\u00e1vo opravu osobn\u00edch \u00fadaj\u016f dle \u010dl. 16 GDPR, a omezen\u00ed zpracov\u00e1n\u00ed dle \u010dl. 18 GDPR.<\/li>\n<li>Pr\u00e1vo na v\u00fdmaz osobn\u00edch \u00fadaj\u016f dle \u010dl. 17 GDPR.<\/li>\n<li>Pr\u00e1vo vzn\u00e9st n\u00e1mitku proti zpracov\u00e1n\u00ed dle \u010dl. 21 GDPR.<\/li>\n<li>Pr\u00e1vo na p\u0159enositelnost \u00fadaj\u016f dle \u010dl. 20 GDPR.<\/li>\n<li>Pr\u00e1vo odvolat souhlas p\u00edsemn\u011b nebo elektronicky na adrese spr\u00e1vce.<\/li>\n<li>Pr\u00e1vo podat st\u00ed\u017enost u \u00da\u0159adu pro ochranu osobn\u00edch \u00fadaj\u016f v p\u0159\u00edpad\u011b, \u017ee bylo poru\u0161eno pr\u00e1vo na ochranu osobn\u00edch \u00fadaj\u016f.<\/li>\n<\/ul>\n<p><strong>Zabezpe\u010den\u00ed osobn\u00edch \u00fadaj\u016f<\/strong><br \/>\nSpr\u00e1vce p\u0159ijal ve\u0161ker\u00e1 vhodn\u00e1 technick\u00e1 a organiza\u010dn\u00ed opat\u0159en\u00ed k zabezpe\u010den\u00ed osobn\u00edch \u00fadaj\u016f.<br \/>\nSpr\u00e1vce p\u0159ijal technick\u00e1 opat\u0159en\u00ed k zabezpe\u010den\u00ed dat a listin.<br \/>\nK osobn\u00edm \u00fadaj\u016fm maj\u00ed p\u0159\u00edstup pouze pov\u011b\u0159en\u00e9 osoby spr\u00e1vce.<\/p>\n<p><strong>Z\u00e1v\u011bre\u010dn\u00e1 ustanoven\u00ed<\/strong><br \/>\n<span style=\"font-size: 1rem;\">Z\u00e1jemce vyjad\u0159uje souhlas s\u00a0t\u011bmito podm\u00ednkami objedn\u00e1n\u00edm zbo\u017e\u00ed nebo slu\u017eeb.<\/span><\/p>\n","protected":false},"excerpt":{"rendered":"<p>Podm\u00ednky ochrany osobn\u00edch \u00fadaj\u016f spole\u010dnosti Systemia s. r. o. se s\u00eddlem Smetanova 131, 250 82 \u00davaly, I\u010c 28513177, DI\u010c\u00a0 CZ28513177 zapsan\u00e1 v obchodn\u00edm rejst\u0159\u00edku pod spisovou zna\u010dkou C 147064 u rejst\u0159\u00edkov\u00e9ho soudu v\u00a0Praze. Spr\u00e1vcem osobn\u00edch \u00fadaj\u016f podle \u010dl. 4 bod 7 na\u0159\u00edzen\u00ed Evropsk\u00e9ho parlamentu a Rady (EU) 2016\/679 o ochran\u011b fyzick\u00fdch osob v souvislosti se [&#8230;]\n","protected":false},"author":1,"featured_media":0,"parent":0,"menu_order":0,"comment_status":"closed","ping_status":"closed","template":"","meta":{"footnotes":""},"class_list":["post-228","page","type-page","status-publish","hentry"],"_links":{"self":[{"href":"https:\/\/www.tropiko.cz\/cz\/wp-json\/wp\/v2\/pages\/228","targetHints":{"allow":["GET"]}}],"collection":[{"href":"https:\/\/www.tropiko.cz\/cz\/wp-json\/wp\/v2\/pages"}],"about":[{"href":"https:\/\/www.tropiko.cz\/cz\/wp-json\/wp\/v2\/types\/page"}],"author":[{"embeddable":true,"href":"https:\/\/www.tropiko.cz\/cz\/wp-json\/wp\/v2\/users\/1"}],"replies":[{"embeddable":true,"href":"https:\/\/www.tropiko.cz\/cz\/wp-json\/wp\/v2\/comments?post=228"}],"version-history":[{"count":6,"href":"https:\/\/www.tropiko.cz\/cz\/wp-json\/wp\/v2\/pages\/228\/revisions"}],"predecessor-version":[{"id":478,"href":"https:\/\/www.tropiko.cz\/cz\/wp-json\/wp\/v2\/pages\/228\/revisions\/478"}],"wp:attachment":[{"href":"https:\/\/www.tropiko.cz\/cz\/wp-json\/wp\/v2\/media?parent=228"}],"curies":[{"name":"wp","href":"https:\/\/api.w.org\/{rel}","templated":true}]}}