{"id":21,"date":"2014-12-03T15:38:34","date_gmt":"2014-12-03T15:38:34","guid":{"rendered":"http:\/\/www.tropiko.eu\/cz\/?page_id=21"},"modified":"2014-12-04T11:45:19","modified_gmt":"2014-12-04T11:45:19","slug":"otazky-a-odpovedi","status":"publish","type":"page","link":"https:\/\/www.tropiko.cz\/cz\/otazky-a-odpovedi\/","title":{"rendered":"ot\u00e1zky a odpov\u011bdi"},"content":{"rendered":"<p><strong>Ot\u00e1zky a odpov\u011bdi k zast\u0159e\u0161en\u00ed baz\u00e9nu<\/strong><\/p>\n<p><em><strong>O kolik v\u011bt\u0161\u00ed pr\u016fm\u011br m\u00e1 m\u00edt zast\u0159e\u0161en\u00ed ne\u017e je pr\u016fm\u011br baz\u00e9nu?<\/strong> <\/em><br \/>\nP\u0159i otev\u0159en\u00ed zast\u0159e\u0161en\u00ed zas\u00e1hnou do vnit\u0159n\u00ed \u010d\u00e1sti sklady plachty. Doporu\u010dujeme v\u016fli kolem okraj\u016f baz\u00e9nu min. 25 cm \u2013 tzn. volit o 50 cm v\u011bt\u0161\u00ed pr\u016fm\u011br zast\u0159e\u0161en\u00ed ne\u017e je pr\u016fm\u011br baz\u00e9nu. U nadzemn\u00edch baz\u00e9n\u016f je nutn\u00e9 po\u010d\u00edtat s v\u016fl\u00ed p\u0159i horn\u00edm okraji baz\u00e9nu (nikoli na ter\u00e9nu). Proto jsme pro V\u00e1s p\u0159ipravili pomocnou tabulku velikost\u00ed zast\u0159e\u0161en\u00ed podle v\u00fd\u0161ky a pr\u016fm\u011bru baz\u00e9nu. V\u017edy zkontrolujte, zda do rozm\u011bru zast\u0159e\u0161en\u00ed nebude zasahovat skimmer \u010di p\u0159ipojen\u00ed hadic na boku baz\u00e9nu, upevn\u011bn\u00ed sch\u016fdk\u016f vedle baz\u00e9nu nebo v\u00fd\u0161ka jejich madel.<\/p>\n<p><em><strong>Oh\u0159eje se voda v baz\u00e9nu se zast\u0159e\u0161en\u00edm nebo je nutn\u00e9 pou\u017e\u00edt sol\u00e1rn\u00ed kolektory?<\/strong> <\/em><br \/>\nAno, d\u00edky pou\u017eit\u00ed pr\u016fhledn\u00e9 f\u00f3lie na cel\u00e9 plo\u0161e zast\u0159e\u0161en\u00ed TROPIKO se voda oh\u0159\u00edv\u00e1 od velmi tepl\u00e9ho vzduchu pod zast\u0159e\u0161en\u00edm. Plachta nem\u00e1 st\u00edn\u00edc\u00ed prvky. Oh\u0159\u00e1t\u00ed vody v baz\u00e9nu tak\u00e9 pom\u00e1h\u00e1, kdy\u017e se tepl\u00e1 voda na hladin\u011b baz\u00e9nu prom\u00edch\u00e1 \u2013 p\u0159i pu\u0161t\u011bn\u00e9 filtraci.<br \/>\nPokud chcete m\u00edt v letn\u00edch dnech vodu teplej\u0161\u00ed ne\u017e 27-29 stup\u0148\u016f, lze pou\u017e\u00edt jako dopln\u011bk sol\u00e1rn\u00ed kolektory. M\u00edsto doporu\u010dovan\u00e9 velikosti plochy kolektor\u016f stejn\u00e9 jako je hladina baz\u00e9nu, by m\u011bla sta\u010dit i polovi\u010dn\u00ed plocha kolektor\u016f.<\/p>\n<p><em><strong>Mus\u00edme zm\u011bnit sv\u00e9 zvyky p\u0159i o\u0161et\u0159ov\u00e1n\u00ed vody?<\/strong><\/em><br \/>\nPou\u017e\u00edvejte k \u00faprav\u011b kvality vody pouze chemick\u00e9 p\u0159\u00edpravky ur\u010den\u00e9 p\u0159\u00edmo pro \u00fapravu vody v baz\u00e9nech.<br \/>\nP\u0159i pou\u017e\u00edv\u00e1n\u00ed zast\u0159e\u0161en\u00ed baz\u00e9nu TROPIKO se koupac\u00ed sez\u00f3na velmi v\u00fdrazn\u011b prodlou\u017e\u00ed. Z\u00e1rove\u0148 se v\u00fdrazn\u011b sn\u00ed\u017e\u00ed mno\u017estv\u00ed ne\u010distot, kter\u00e9 se dostanou do baz\u00e9nu (zejm\u00e9na de\u0161t\u011bm). Spot\u0159eba chemick\u00fdch p\u0159\u00edpravk\u016f a n\u00e1klady na udr\u017een\u00ed kvality vody se celkov\u011b nezv\u00fd\u0161\u00ed, sp\u00ed\u0161e naopak.<br \/>\nV obdob\u00ed, kdy teplota vody baz\u00e9nu stoupne nad 28 stup\u0148\u016f, \u010dast\u011bji sledujte kvalitu vody. Tepl\u00e1 voda se kaz\u00ed rychleji.<\/p>\n<p><a href=\"http:\/\/www.tropiko.eu\/cz\/wp-content\/uploads\/tropiko-20.jpg\"><img loading=\"lazy\" decoding=\"async\" class=\"alignright wp-image-108 size-thumbnail\" src=\"http:\/\/www.tropiko.eu\/cz\/wp-content\/uploads\/tropiko-20-150x150.jpg\" alt=\"Zast\u0159e\u0161en\u00ed baz\u00e9nu TROPIKO pro del\u0161\u00ed koup\u00e1n\u00ed, tepl\u00fd baz\u00e9n a \u010distou vodu jako azuro. Pro nadzemn\u00ed i zapu\u0161t\u011bn\u00e9 (kruhov\u00e9 \/ kulat\u00e9) zahradn\u00ed baz\u00e9ny.\" width=\"150\" height=\"150\" srcset=\"https:\/\/www.tropiko.cz\/cz\/wp-content\/uploads\/tropiko-20-150x150.jpg 150w, https:\/\/www.tropiko.cz\/cz\/wp-content\/uploads\/tropiko-20-100x100.jpg 100w\" sizes=\"auto, (max-width: 150px) 100vw, 150px\" \/><\/a><br \/>\n<em><strong>M\u016f\u017eeme nechat zast\u0159e\u0161en\u00ed p\u0159es zimu le\u017eet otev\u0159en\u00e9 vedle baz\u00e9nu?<\/strong> <\/em><br \/>\nAno, materi\u00e1l zast\u0159e\u0161en\u00ed snese celoro\u010dn\u00ed p\u016fsoben\u00ed pov\u011btrnostn\u00edch podm\u00ednek. P\u0159ed p\u0159\u00edchodem mraz\u016f je nutn\u00e9 zast\u0159e\u0161en\u00ed otev\u0159\u00edt. Konstrukce nen\u00ed dimenzov\u00e1na na dodate\u010dn\u00e9 zat\u00ed\u017een\u00ed sn\u011bhem ani n\u00e1mrazou z vnit\u0159n\u00ed strany zast\u0159e\u0161en\u00ed.<\/p>\n<p><a href=\"http:\/\/www.tropiko.eu\/cz\/wp-content\/uploads\/tropiko-baleni.jpg\"><img loading=\"lazy\" decoding=\"async\" class=\"alignright wp-image-149 size-thumbnail\" src=\"http:\/\/www.tropiko.eu\/cz\/wp-content\/uploads\/tropiko-baleni-150x150.jpg\" alt=\"Zast\u0159e\u0161en\u00ed baz\u00e9nu TROPIKO pro del\u0161\u00ed koup\u00e1n\u00ed, tepl\u00fd baz\u00e9n a \u010distou vodu jako azuro. Pro nadzemn\u00ed i zapu\u0161t\u011bn\u00e9 (kruhov\u00e9 \/ kulat\u00e9) zahradn\u00ed baz\u00e9ny.\" width=\"150\" height=\"150\" srcset=\"https:\/\/www.tropiko.cz\/cz\/wp-content\/uploads\/tropiko-baleni-150x150.jpg 150w, https:\/\/www.tropiko.cz\/cz\/wp-content\/uploads\/tropiko-baleni-100x100.jpg 100w\" sizes=\"auto, (max-width: 150px) 100vw, 150px\" \/><\/a><br \/>\n<em><strong>Jak vypad\u00e1 zast\u0159e\u0161en\u00ed zabalen\u00e9 p\u0159i dod\u00e1n\u00ed?<\/strong> <\/em><br \/>\nV\u0161e pot\u0159ebn\u00e9 pro sestaven\u00ed zast\u0159e\u0161en\u00ed je dod\u00e1v\u00e1no v kartonov\u00e9m obalu, zabalen\u00e9 ve folii. V\u00fdrobek je doru\u010den p\u0159epravn\u00ed slu\u017ebou zabalen\u00fd v kartonov\u00e9 krabici o velikosti 210 cm x 50 cm x 25 cm, hmotnost 35 \u2013 55 kg podle velikosti zast\u0159e\u0161en\u00ed.<\/p>\n<p><em><strong>Zvl\u00e1dneme mont\u00e1\u017e sami?<\/strong> <\/em><br \/>\nMont\u00e1\u017e (viz n\u00e1vod) je velmi jednoduch\u00e1. Pokud jste zvl\u00e1dli um\u00edstit a postavit samonosn\u00fd nafukovac\u00ed baz\u00e9n nebo jste si n\u011bkdy poradili s mont\u00e1\u017e\u00ed skandin\u00e1vsk\u00e9ho n\u00e1bytku, ur\u010dit\u011b si porad\u00edte i s na\u0161\u00edm zast\u0159e\u0161en\u00edm.<\/p>\n<p><em><strong>Je t\u011b\u017ek\u00e9 zast\u0159e\u0161en\u00ed pootev\u0159\u00edt pro vstup do baz\u00e9nu?<\/strong> <\/em><br \/>\nD\u00edky vyv\u00e1\u017een\u00ed konstrukce nezaji\u0161t\u011bn\u00e9 zast\u0159e\u0161en\u00ed pootev\u0159e (p\u0159izvedne) i d\u00edt\u011b ve v\u011bku 5 let.<\/p>\n<p><em><strong>M\u00e1me n\u011bkolik ko\u010dek, nerozdr\u00e1pou n\u00e1m f\u00f3lii na zast\u0159e\u0161en\u00ed?<\/strong> <\/em><br \/>\nTo samoz\u0159ejm\u011b nem\u016f\u017eeme vylou\u010dit, ale z obou stran do v\u00fd\u0161ky prvn\u00edho \u017eebra tvo\u0159\u00ed plachtu textilie z modr\u00e9ho polyesteru s voduodpudivou \u00fapravou.<\/p>\n<p><em><strong>Lze zast\u0159e\u0161en\u00ed pln\u011b otev\u0159\u00edt pro ni\u010d\u00edm neru\u0161en\u00fd v\u00fdhled p\u0159i koup\u00e1n\u00ed?<\/strong><\/em><br \/>\nPln\u00e9 otev\u0159en\u00ed zast\u0159e\u0161en\u00ed TROPIKO je samoz\u0159ejmost\u00ed. Slo\u017een\u00e9 zast\u0159e\u0161en\u00ed vedle baz\u00e9nu m\u00e1 v\u00fd\u0161ku zhruba 35 \u2013 40 cm. Otev\u00edr\u00e1 se z jedn\u00e9 strany.<\/p>\n<p><em><strong>Je mo\u017en\u00e9 zast\u0159e\u0161en\u00ed baz\u00e9nu ponechat p\u0159es zimu venku? Pokud z\u016fstane zav\u0159en\u00e9 na baz\u00e9nu, snese zat\u00ed\u017een\u00ed sn\u011bhem?<\/strong><\/em><br \/>\nAno, zast\u0159e\u0161en\u00ed lze celoro\u010dn\u011b nechat venku, ale v\u017edy jen otev\u0159en\u00e9. Upozor\u0148ujeme, \u017ee za mrazu se zast\u0159e\u0161en\u00edm nelze manipulovat, mohlo by doj\u00edt ke znehodnocen\u00ed folie.<br \/>\nZast\u0159e\u0161en\u00ed nen\u00ed dimenzov\u00e1no na zat\u00ed\u017een\u00ed sn\u011bhem. Po n\u011bkolik \u201esn\u011bhov\u00fdch t\u00fddn\u016f\u201c je nutn\u00e9 zast\u0159e\u0161en\u00ed otev\u0159\u00edt. Z\u00e1ruka se na mechanick\u00e9 po\u0161kozen\u00ed zat\u00ed\u017een\u00edm sn\u011bhem nevztahuje.<\/p>\n<p><em><strong>Chci zast\u0159e\u0161en\u00ed pou\u017e\u00edt na baz\u00e9n um\u00edst\u011bn\u00fd na chat\u011b, kde trvale nebydl\u00edme. Je mo\u017en\u00e1 demont\u00e1\u017e na zimu?<\/strong><\/em><br \/>\nUchycen\u00ed a mont\u00e1\u017e kryc\u00ed plachty jsou u na\u0161eho v\u00fdrobku jednoduch\u00e9 a zvolen\u00fd syst\u00e9m umo\u017e\u0148uje i p\u0159\u00edpadnou demont\u00e1\u017e pro uskladn\u011bn\u00ed v zabezpe\u010den\u00fdch prostor\u00e1ch.<\/p>\n<p><em><strong>Nedojde p\u0159i krupobit\u00ed k prora\u017een\u00ed folie?<\/strong> <\/em><br \/>\nNezaznamenali jsme tento probl\u00e9m. Folie je siln\u00e1, pru\u017en\u00e1. Prora\u017een\u00ed vlivem krupobit\u00ed \u010di de\u0161t\u011b nen\u00ed pravd\u011bpodobn\u00e9.<br \/>\nV posledn\u00edch letech \u017e\u00e1dn\u00fd z na\u0161ich z\u00e1kazn\u00edk\u016f probl\u00e9m mechanick\u00e9ho poru\u0161en\u00ed ne\u0159e\u0161il. Pokud by p\u0159esto do\u0161lo k mechanick\u00e9mu protr\u017een\u00ed f\u00f3lie p\u0159i va\u0161ich aktivit\u00e1ch v bl\u00edzkosti baz\u00e9nu, obra\u0165te se na n\u00e1s, pom\u016f\u017eeme v\u00e1m s kvalitn\u00ed opravou!<\/p>\n<p><a href=\"http:\/\/www.tropiko.eu\/cz\/wp-content\/uploads\/tropiko-22.jpg\"><img loading=\"lazy\" decoding=\"async\" class=\"alignnone wp-image-110 size-medium\" src=\"http:\/\/www.tropiko.eu\/cz\/wp-content\/uploads\/tropiko-22-300x192.jpg\" alt=\"Zast\u0159e\u0161en\u00ed baz\u00e9nu TROPIKO pro del\u0161\u00ed koup\u00e1n\u00ed, tepl\u00fd baz\u00e9n a \u010distou vodu jako azuro. Pro nadzemn\u00ed i zapu\u0161t\u011bn\u00e9 (kruhov\u00e9 \/ kulat\u00e9) zahradn\u00ed baz\u00e9ny.\" width=\"300\" height=\"192\" srcset=\"https:\/\/www.tropiko.cz\/cz\/wp-content\/uploads\/tropiko-22-300x193.jpg 300w, https:\/\/www.tropiko.cz\/cz\/wp-content\/uploads\/tropiko-22-1024x657.jpg 1024w, https:\/\/www.tropiko.cz\/cz\/wp-content\/uploads\/tropiko-22.jpg 1200w\" sizes=\"auto, (max-width: 300px) 100vw, 300px\" \/><\/a><\/p>\n<p class=\"wp-caption-dd\">\n","protected":false},"excerpt":{"rendered":"<p>Ot\u00e1zky a odpov\u011bdi k zast\u0159e\u0161en\u00ed baz\u00e9nu O kolik v\u011bt\u0161\u00ed pr\u016fm\u011br m\u00e1 m\u00edt zast\u0159e\u0161en\u00ed ne\u017e je pr\u016fm\u011br baz\u00e9nu? P\u0159i otev\u0159en\u00ed zast\u0159e\u0161en\u00ed zas\u00e1hnou do vnit\u0159n\u00ed \u010d\u00e1sti sklady plachty. Doporu\u010dujeme v\u016fli kolem okraj\u016f baz\u00e9nu min. 25 cm \u2013 tzn. volit o 50 cm v\u011bt\u0161\u00ed pr\u016fm\u011br zast\u0159e\u0161en\u00ed ne\u017e je pr\u016fm\u011br baz\u00e9nu. U nadzemn\u00edch baz\u00e9n\u016f je nutn\u00e9 po\u010d\u00edtat s v\u016fl\u00ed [&#8230;]\n","protected":false},"author":1,"featured_media":0,"parent":0,"menu_order":0,"comment_status":"closed","ping_status":"open","template":"","meta":{"footnotes":""},"class_list":["post-21","page","type-page","status-publish","hentry"],"_links":{"self":[{"href":"https:\/\/www.tropiko.cz\/cz\/wp-json\/wp\/v2\/pages\/21","targetHints":{"allow":["GET"]}}],"collection":[{"href":"https:\/\/www.tropiko.cz\/cz\/wp-json\/wp\/v2\/pages"}],"about":[{"href":"https:\/\/www.tropiko.cz\/cz\/wp-json\/wp\/v2\/types\/page"}],"author":[{"embeddable":true,"href":"https:\/\/www.tropiko.cz\/cz\/wp-json\/wp\/v2\/users\/1"}],"replies":[{"embeddable":true,"href":"https:\/\/www.tropiko.cz\/cz\/wp-json\/wp\/v2\/comments?post=21"}],"version-history":[{"count":4,"href":"https:\/\/www.tropiko.cz\/cz\/wp-json\/wp\/v2\/pages\/21\/revisions"}],"predecessor-version":[{"id":151,"href":"https:\/\/www.tropiko.cz\/cz\/wp-json\/wp\/v2\/pages\/21\/revisions\/151"}],"wp:attachment":[{"href":"https:\/\/www.tropiko.cz\/cz\/wp-json\/wp\/v2\/media?parent=21"}],"curies":[{"name":"wp","href":"https:\/\/api.w.org\/{rel}","templated":true}]}}