{"id":19,"date":"2014-12-03T15:36:45","date_gmt":"2014-12-03T15:36:45","guid":{"rendered":"http:\/\/www.tropiko.eu\/cz\/?page_id=19"},"modified":"2014-12-04T11:27:33","modified_gmt":"2014-12-04T11:27:33","slug":"montaz-zastreseni","status":"publish","type":"page","link":"https:\/\/www.tropiko.cz\/cz\/montaz-zastreseni\/","title":{"rendered":"mont\u00e1\u017e zast\u0159e\u0161en\u00ed"},"content":{"rendered":"<p><strong>Mont\u00e1\u017en\u00ed n\u00e1vod<\/strong><\/p>\n<p>Mont\u00e1\u017e baz\u00e9nov\u00e9ho krytu zvl\u00e1dne pr\u016fm\u011brn\u011b zru\u010dn\u00fd u\u017eivatel. Doporu\u010dujeme, aby mont\u00e1\u017e prov\u00e1d\u011bly minim\u00e1ln\u011b dv\u011b osoby.<br \/>\nJe vhodn\u011bj\u0161\u00ed prov\u00e1d\u011bt mont\u00e1\u017e zast\u0159e\u0161en\u00ed \/ krytu mimo prostor baz\u00e9nu (c\u00edlov\u00e9ho um\u00edst\u011bn\u00ed). Snadn\u011bji se dostanete z vnit\u0159n\u00ed strany k sestaven\u00ed konstrukce, upevn\u011bn\u00ed a vypnut\u00ed folie. Na c\u00edlov\u00e9 um\u00edst\u011bn\u00ed kryt v otev\u0159en\u00e9m stavu p\u0159enesou snadno t\u0159i lid\u00e9 \u2013 dva u kloubov\u00fdch pant\u016f a jeden uprost\u0159ed (vrchol krytu).<br \/>\n<a href=\"http:\/\/www.tropiko.eu\/cz\/wp-content\/uploads\/tropiko-33.jpg\"><img loading=\"lazy\" decoding=\"async\" class=\"alignright wp-image-121 size-thumbnail\" src=\"http:\/\/www.tropiko.eu\/cz\/wp-content\/uploads\/tropiko-33-150x150.jpg\" alt=\"Zast\u0159e\u0161en\u00ed baz\u00e9nu TROPIKO pro del\u0161\u00ed koup\u00e1n\u00ed, tepl\u00fd baz\u00e9n a \u010distou vodu jako azuro. Pro nadzemn\u00ed i zapu\u0161t\u011bn\u00e9 (kruhov\u00e9 \/ kulat\u00e9) zahradn\u00ed baz\u00e9ny.\" width=\"150\" height=\"150\" srcset=\"https:\/\/www.tropiko.cz\/cz\/wp-content\/uploads\/tropiko-33-150x150.jpg 150w, https:\/\/www.tropiko.cz\/cz\/wp-content\/uploads\/tropiko-33-100x100.jpg 100w\" sizes=\"auto, (max-width: 150px) 100vw, 150px\" \/><\/a><br \/>\nK mont\u00e1\u017ei budete pot\u0159ebovat kl\u00ed\u010de \u010d. 13 a \u010d. 11, kter\u00e9 nejsou sou\u010d\u00e1st\u00ed balen\u00ed v\u00fdrobku.<br \/>\nMont\u00e1\u017e neprov\u00e1d\u011bjte za v\u011btrn\u00e9ho po\u010das\u00ed.<\/p>\n<p><strong>1. krok<\/strong><br \/>\nP\u0159ipevn\u011bte k zemi kloubov\u00fd segment tak, aby z\u00e1vity trn\u016f kloubu sm\u011b\u0159ovaly k baz\u00e9nu. Voln\u00fd konec segmentu (nep\u0159ipevn\u011bn\u00fd k zemi) bude sm\u011b\u0159ovat na stranu, od kter\u00e9 budete kryt otev\u00edrat. K upevn\u011bn\u00ed kloubov\u00e9ho mechanismu podle povahy ter\u00e9nu pou\u017eijte hmo\u017edinek, p\u0159\u00edpadn\u011b alespo\u0148 p\u0159ilo\u017een\u00fdch bodc\u016f.<\/p>\n<p><a href=\"http:\/\/www.tropiko.eu\/cz\/wp-content\/uploads\/tropiko-11.jpg\"><img loading=\"lazy\" decoding=\"async\" class=\"alignright wp-image-99 size-thumbnail\" src=\"http:\/\/www.tropiko.eu\/cz\/wp-content\/uploads\/tropiko-11-150x150.jpg\" alt=\"Zast\u0159e\u0161en\u00ed baz\u00e9nu TROPIKO pro del\u0161\u00ed koup\u00e1n\u00ed, tepl\u00fd baz\u00e9n a \u010distou vodu jako azuro. Pro nadzemn\u00ed i zapu\u0161t\u011bn\u00e9 (kruhov\u00e9 \/ kulat\u00e9) zahradn\u00ed baz\u00e9ny.\" width=\"150\" height=\"150\" srcset=\"https:\/\/www.tropiko.cz\/cz\/wp-content\/uploads\/tropiko-11-150x150.jpg 150w, https:\/\/www.tropiko.cz\/cz\/wp-content\/uploads\/tropiko-11-100x100.jpg 100w\" sizes=\"auto, (max-width: 150px) 100vw, 150px\" \/><\/a><\/p>\n<p><strong>2. krok<\/strong><br \/>\nDruh\u00fd kloubov\u00fd segment upevn\u011bte k zemi stejn\u011b jako prvn\u00ed a to ve vzd\u00e1lenosti od 1. kloubov\u00e9ho segmentu odpov\u00eddaj\u00edc\u00ed pr\u016fm\u011bru va\u0161eho krytu.<\/p>\n<p><strong>3. krok<\/strong><br \/>\nKryt je sestrojen z jeden\u00e1cti oblouk\u016f. Trubky pro sestaven\u00ed ka\u017ed\u00e9ho oblouku jsou zabaleny zvl\u00e1\u0161\u0165. Sestavujte oblouky postupn\u011b nasunut\u00edm z\u00fa\u017een\u00fdch konc\u016f do sebe a\u017e po zacvaknut\u00ed pojistky. Prvn\u00ed a posledn\u00ed oblouk (ty kter\u00e9 p\u0159i zav\u0159en\u00ed krytu le\u017e\u00ed na zemi) jsou vyrobeny ze siln\u011bj\u0161\u00edch trubek.<\/p>\n<p><a href=\"http:\/\/www.tropiko.eu\/cz\/wp-content\/uploads\/tropiko-13.jpg\"><img loading=\"lazy\" decoding=\"async\" class=\"alignright wp-image-101 size-thumbnail\" src=\"http:\/\/www.tropiko.eu\/cz\/wp-content\/uploads\/tropiko-13-150x150.jpg\" alt=\"Zast\u0159e\u0161en\u00ed baz\u00e9nu TROPIKO pro del\u0161\u00ed koup\u00e1n\u00ed, tepl\u00fd baz\u00e9n a \u010distou vodu jako azuro. Pro nadzemn\u00ed i zapu\u0161t\u011bn\u00e9 (kruhov\u00e9 \/ kulat\u00e9) zahradn\u00ed baz\u00e9ny.\" width=\"150\" height=\"150\" srcset=\"https:\/\/www.tropiko.cz\/cz\/wp-content\/uploads\/tropiko-13-150x150.jpg 150w, https:\/\/www.tropiko.cz\/cz\/wp-content\/uploads\/tropiko-13-100x100.jpg 100w\" sizes=\"auto, (max-width: 150px) 100vw, 150px\" \/><\/a><\/p>\n<p><strong>4. krok<\/strong><br \/>\nDo konc\u016f v\u0161ech oblouk\u016f nasad\u00edme plastov\u00e9 z\u00e1slepky. Ka\u017ed\u00fd konec oblouk\u016f postupn\u011b nasad\u00edme na \u0161rouby kloubov\u00e9ho segmentu tak, \u017ee nejd\u0159\u00edve navl\u00e9kneme plastov\u00fd krou\u017eek (podlo\u017eku), po n\u011bm nasuneme oblouk, pot\u00e9 kovovou podlo\u017eku zajist\u00edme matic\u00ed, kterou lehce dot\u00e1hneme.<br \/>\nPo smontov\u00e1n\u00ed oblouk\u016f je ponechte le\u017eet na sob\u011b (ve tvaru p\u016flm\u011bs\u00edce).<\/p>\n<p><strong>5. krok<\/strong><br \/>\nVn\u011b krytu rozlo\u017ete vlastn\u00ed potah okolo sestaven\u00fdch oblouk\u016f a postupn\u011b jej p\u0159ipev\u0148ujte pomoc\u00ed such\u00fdch zip\u016f na jednotliv\u00e9 oblouky. Such\u00e9 zipy na konc\u00edch (u kloubov\u00fdch segment\u016f) zat\u00edm neupev\u0148ujte.<\/p>\n<p><a href=\"http:\/\/www.tropiko.eu\/cz\/wp-content\/uploads\/tropiko-12.jpg\"><img loading=\"lazy\" decoding=\"async\" class=\"alignright wp-image-100 size-thumbnail\" src=\"http:\/\/www.tropiko.eu\/cz\/wp-content\/uploads\/tropiko-12-150x150.jpg\" alt=\"Zast\u0159e\u0161en\u00ed baz\u00e9nu TROPIKO pro del\u0161\u00ed koup\u00e1n\u00ed, tepl\u00fd baz\u00e9n a \u010distou vodu jako azuro. Pro nadzemn\u00ed i zapu\u0161t\u011bn\u00e9 (kruhov\u00e9 \/ kulat\u00e9) zahradn\u00ed baz\u00e9ny.\" width=\"150\" height=\"150\" srcset=\"https:\/\/www.tropiko.cz\/cz\/wp-content\/uploads\/tropiko-12-150x150.jpg 150w, https:\/\/www.tropiko.cz\/cz\/wp-content\/uploads\/tropiko-12-100x100.jpg 100w\" sizes=\"auto, (max-width: 150px) 100vw, 150px\" \/><\/a><\/p>\n<p><strong>6. krok<\/strong><br \/>\nP\u0159ed postupn\u00fdm zav\u0159en\u00edm krytu dbejte na to, aby potah byl na jednotliv\u00fdch oblouc\u00edch rovnom\u011brn\u011b napnut. Nesm\u00ed se tvo\u0159it \u0161ikmo p\u0159es oblouky vr\u00e1sky. P\u0159i zav\u00edr\u00e1n\u00ed krytu potah stahujte sm\u011brem ke kloubov\u00fdm segment\u016fm. Upevn\u011bte i posledn\u00ed such\u00e9 zipy.<\/p>\n<p><strong>7. krok<\/strong><br \/>\nGumov\u00e9 \u00fachyty ve tvaru troj\u00faheln\u00edku slou\u017e\u00ed k upevn\u011bn\u00ed p\u0159ilo\u017een\u00fdch gumolan, kter\u00e1 slou\u017e\u00ed k zaji\u0161t\u011bn\u00ed krytu \/ zast\u0159e\u0161en\u00ed proti pov\u011btrnostn\u00edm vliv\u016fm mimo dobu pou\u017e\u00edv\u00e1n\u00ed baz\u00e9nu.<br \/>\nPro vypnut\u00ed gumolan m\u016f\u017eete pou\u017e\u00edt dodan\u00e9 kotvy nebo jin\u00e9 \u00fachyty, kter\u00e9 pevn\u011b zafixujete k podkladu \u010di ter\u00e9nu v m\u00edst\u011b pod na\u0161it\u00fdmi troj\u00faheln\u00edkov\u00fdmi \u00fachyty.<\/p>\n<p><strong>Pozn\u00e1mky:<\/strong><br \/>\nU voln\u011b stoj\u00edc\u00edch nebo polozapu\u0161t\u011bn\u00fdch baz\u00e9n\u016f nezapome\u0148te na prostor pro zapojen\u00ed filtrace.<br \/>\nProta\u017een\u00ed hadic pro filtraci je tak\u00e9 mo\u017en\u00e9 prost\u0159edkem kloubov\u00e9ho segmentu, pokud jsou hadice dodate\u010dn\u011b chr\u00e1n\u011bny.<br \/>\nP\u0159i zast\u0159e\u0161en\u00ed nen\u00ed nezbytn\u011b nutn\u00e9 po\u0159izovat sol\u00e1rn\u00ed bublinkovou f\u00f3lii na hladinu.<\/p>\n<p><a href=\"http:\/\/www.tropiko.eu\/cz\/wp-content\/uploads\/tropiko-04.jpg\"><img loading=\"lazy\" decoding=\"async\" class=\"alignright wp-image-92 size-thumbnail\" src=\"http:\/\/www.tropiko.eu\/cz\/wp-content\/uploads\/tropiko-04-150x150.jpg\" alt=\"Zast\u0159e\u0161en\u00ed baz\u00e9nu TROPIKO pro del\u0161\u00ed koup\u00e1n\u00ed, tepl\u00fd baz\u00e9n a \u010distou vodu jako azuro. Pro nadzemn\u00ed i zapu\u0161t\u011bn\u00e9 (kruhov\u00e9 \/ kulat\u00e9) zahradn\u00ed baz\u00e9ny.\" width=\"150\" height=\"150\" srcset=\"https:\/\/www.tropiko.cz\/cz\/wp-content\/uploads\/tropiko-04-150x150.jpg 150w, https:\/\/www.tropiko.cz\/cz\/wp-content\/uploads\/tropiko-04-100x100.jpg 100w\" sizes=\"auto, (max-width: 150px) 100vw, 150px\" \/><\/a><\/p>\n<p><strong>Upozorn\u011bn\u00ed:<\/strong><br \/>\nMimo sez\u00f3nu koup\u00e1n\u00ed lze ponechat kryt uzav\u0159en\u00fd. V\u00fdjimkou jsou zimn\u00ed m\u011bs\u00edce, kdy by sn\u011bhov\u00e1 pokr\u00fdvka mohla zp\u016fsobit sv\u00fdm zat\u00ed\u017een\u00edm mechanick\u00e9 po\u0161kozen\u00ed hlin\u00edkov\u00e9 konstrukce a cel\u00e9ho zast\u0159e\u0161en\u00ed. V zimn\u00edch m\u011bs\u00edc\u00edch ponechte kryt otev\u0159en\u00fd.<br \/>\nP\u0159i teplot\u00e1ch pod bodem mrazu s krytem nemanipulujte, mohlo by doj\u00edt k po\u0161kozen\u00ed pr\u016fhledn\u00e9 f\u00f3lie.<\/p>\n<p>Dokument ke sta\u017een\u00ed ve form\u00e1tu <a href=\"http:\/\/www.tropiko.eu\/cz\/wp-content\/uploads\/TROPIKO-CZ-2015.pdf\">PDF<\/a>.<\/p>\n","protected":false},"excerpt":{"rendered":"<p>Mont\u00e1\u017en\u00ed n\u00e1vod Mont\u00e1\u017e baz\u00e9nov\u00e9ho krytu zvl\u00e1dne pr\u016fm\u011brn\u011b zru\u010dn\u00fd u\u017eivatel. Doporu\u010dujeme, aby mont\u00e1\u017e prov\u00e1d\u011bly minim\u00e1ln\u011b dv\u011b osoby. Je vhodn\u011bj\u0161\u00ed prov\u00e1d\u011bt mont\u00e1\u017e zast\u0159e\u0161en\u00ed \/ krytu mimo prostor baz\u00e9nu (c\u00edlov\u00e9ho um\u00edst\u011bn\u00ed). Snadn\u011bji se dostanete z vnit\u0159n\u00ed strany k sestaven\u00ed konstrukce, upevn\u011bn\u00ed a vypnut\u00ed folie. Na c\u00edlov\u00e9 um\u00edst\u011bn\u00ed kryt v otev\u0159en\u00e9m stavu p\u0159enesou snadno t\u0159i lid\u00e9 \u2013 dva u [&#8230;]\n","protected":false},"author":1,"featured_media":0,"parent":0,"menu_order":0,"comment_status":"closed","ping_status":"open","template":"","meta":{"footnotes":""},"class_list":["post-19","page","type-page","status-publish","hentry"],"_links":{"self":[{"href":"https:\/\/www.tropiko.cz\/cz\/wp-json\/wp\/v2\/pages\/19","targetHints":{"allow":["GET"]}}],"collection":[{"href":"https:\/\/www.tropiko.cz\/cz\/wp-json\/wp\/v2\/pages"}],"about":[{"href":"https:\/\/www.tropiko.cz\/cz\/wp-json\/wp\/v2\/types\/page"}],"author":[{"embeddable":true,"href":"https:\/\/www.tropiko.cz\/cz\/wp-json\/wp\/v2\/users\/1"}],"replies":[{"embeddable":true,"href":"https:\/\/www.tropiko.cz\/cz\/wp-json\/wp\/v2\/comments?post=19"}],"version-history":[{"count":9,"href":"https:\/\/www.tropiko.cz\/cz\/wp-json\/wp\/v2\/pages\/19\/revisions"}],"predecessor-version":[{"id":147,"href":"https:\/\/www.tropiko.cz\/cz\/wp-json\/wp\/v2\/pages\/19\/revisions\/147"}],"wp:attachment":[{"href":"https:\/\/www.tropiko.cz\/cz\/wp-json\/wp\/v2\/media?parent=19"}],"curies":[{"name":"wp","href":"https:\/\/api.w.org\/{rel}","templated":true}]}}