{"id":17,"date":"2014-12-03T15:31:31","date_gmt":"2014-12-03T15:31:31","guid":{"rendered":"http:\/\/www.tropiko.eu\/cz\/?page_id=17"},"modified":"2014-12-04T11:49:19","modified_gmt":"2014-12-04T11:49:19","slug":"vyber-velikosti","status":"publish","type":"page","link":"https:\/\/www.tropiko.cz\/cz\/vyber-velikosti\/","title":{"rendered":"v\u00fdb\u011br velikosti"},"content":{"rendered":"<p>Pokud budete instalovat na\u0161e zast\u0159e\u0161en\u00ed na zapu\u0161t\u011bn\u00fd baz\u00e9n, zvolte pr\u016fm\u011br zast\u0159e\u0161en\u00ed v\u017edy minim\u00e1ln\u011b o 50 cm v\u011bt\u0161\u00ed.<br \/>\nU baz\u00e9n\u016f polozapu\u0161t\u011bn\u00fdch nebo voln\u011b stoj\u00edc\u00edch po\u010d\u00edtejte s t\u00edm, \u017ee zast\u0159e\u0161en\u00ed je kulat\u00e9 a sm\u011brem nahoru se zu\u017euje. Pr\u016fm\u011br zast\u0159e\u0161en\u00ed v tomto p\u0159\u00edpad\u011b mus\u00ed b\u00fdt dostate\u010dn\u011b v\u011bt\u0161\u00ed.<br \/>\nNezapome\u0148te tak\u00e9 na prostor pro skimmer a pro zapojen\u00ed, p\u0159\u00edpadn\u011b um\u00edst\u011bn\u00ed filtrace.<\/p>\n<p>Srovn\u00e1vac\u00ed tabulka velikosti zast\u0159e\u0161en\u00ed podle pr\u016fm\u011bru baz\u00e9nu a jeho v\u00fd\u0161ky<\/p>\n<p>Pro zapu\u0161t\u011bn\u00e9 baz\u00e9ny pou\u017eijte v\u00fd\u0161ku od ter\u00e9nu na horn\u00ed hranu baz\u00e9nu.<\/p>\n<p><a href=\"http:\/\/www.tropiko.eu\/cz\/wp-content\/uploads\/tropiko-size.jpg\"><img loading=\"lazy\" decoding=\"async\" class=\"alignnone wp-image-123 size-medium\" src=\"http:\/\/www.tropiko.eu\/cz\/wp-content\/uploads\/tropiko-size-300x255.jpg\" alt=\"\" width=\"300\" height=\"255\" srcset=\"https:\/\/www.tropiko.cz\/cz\/wp-content\/uploads\/tropiko-size-300x255.jpg 300w, https:\/\/www.tropiko.cz\/cz\/wp-content\/uploads\/tropiko-size.jpg 1003w\" sizes=\"auto, (max-width: 300px) 100vw, 300px\" \/><\/a><\/p>\n<p class=\"wp-caption-dd\">\n","protected":false},"excerpt":{"rendered":"<p>Pokud budete instalovat na\u0161e zast\u0159e\u0161en\u00ed na zapu\u0161t\u011bn\u00fd baz\u00e9n, zvolte pr\u016fm\u011br zast\u0159e\u0161en\u00ed v\u017edy minim\u00e1ln\u011b o 50 cm v\u011bt\u0161\u00ed. U baz\u00e9n\u016f polozapu\u0161t\u011bn\u00fdch nebo voln\u011b stoj\u00edc\u00edch po\u010d\u00edtejte s t\u00edm, \u017ee zast\u0159e\u0161en\u00ed je kulat\u00e9 a sm\u011brem nahoru se zu\u017euje. Pr\u016fm\u011br zast\u0159e\u0161en\u00ed v tomto p\u0159\u00edpad\u011b mus\u00ed b\u00fdt dostate\u010dn\u011b v\u011bt\u0161\u00ed. Nezapome\u0148te tak\u00e9 na prostor pro skimmer a pro zapojen\u00ed, p\u0159\u00edpadn\u011b um\u00edst\u011bn\u00ed [&#8230;]\n","protected":false},"author":1,"featured_media":0,"parent":0,"menu_order":0,"comment_status":"closed","ping_status":"open","template":"","meta":{"footnotes":""},"class_list":["post-17","page","type-page","status-publish","hentry"],"_links":{"self":[{"href":"https:\/\/www.tropiko.cz\/cz\/wp-json\/wp\/v2\/pages\/17","targetHints":{"allow":["GET"]}}],"collection":[{"href":"https:\/\/www.tropiko.cz\/cz\/wp-json\/wp\/v2\/pages"}],"about":[{"href":"https:\/\/www.tropiko.cz\/cz\/wp-json\/wp\/v2\/types\/page"}],"author":[{"embeddable":true,"href":"https:\/\/www.tropiko.cz\/cz\/wp-json\/wp\/v2\/users\/1"}],"replies":[{"embeddable":true,"href":"https:\/\/www.tropiko.cz\/cz\/wp-json\/wp\/v2\/comments?post=17"}],"version-history":[{"count":4,"href":"https:\/\/www.tropiko.cz\/cz\/wp-json\/wp\/v2\/pages\/17\/revisions"}],"predecessor-version":[{"id":156,"href":"https:\/\/www.tropiko.cz\/cz\/wp-json\/wp\/v2\/pages\/17\/revisions\/156"}],"wp:attachment":[{"href":"https:\/\/www.tropiko.cz\/cz\/wp-json\/wp\/v2\/media?parent=17"}],"curies":[{"name":"wp","href":"https:\/\/api.w.org\/{rel}","templated":true}]}}