{"id":15,"date":"2014-12-03T15:30:37","date_gmt":"2014-12-03T15:30:37","guid":{"rendered":"http:\/\/www.tropiko.eu\/cz\/?page_id=15"},"modified":"2014-12-04T11:47:29","modified_gmt":"2014-12-04T11:47:29","slug":"teplota-vody-v-bazenu","status":"publish","type":"page","link":"https:\/\/www.tropiko.cz\/cz\/teplota-vody-v-bazenu\/","title":{"rendered":"teplota vody v baz\u00e9nu"},"content":{"rendered":"<p>V\u011bt\u0161ina lid\u00ed pova\u017euje teplou vodu pro venkovn\u00ed koup\u00e1n\u00ed p\u0159i teplot\u011b nad 21<sup>o<\/sup> C. V pr\u016fb\u011bhu l\u00e9ta v na\u0161ich podm\u00ednk\u00e1ch je mo\u017en\u00e9 dos\u00e1hnout t\u011bchto teplot p\u0159i koup\u00e1n\u00ed od poloviny m\u011bs\u00edce \u010dervna do poloviny m\u011bs\u00edce srpna. \u00daniku tepla a no\u010dn\u00edho ochlazov\u00e1n\u00ed vody lze kr\u00e1tkodob\u011b omezit zakr\u00fdvac\u00edmi plachtami. Sol\u00e1rn\u00ed plachty t\u00e9\u017e urychluj\u00ed oh\u0159ev vody v baz\u00e9nu p\u0159i intenzivn\u00ed slune\u010dn\u00edm svitu. Koupac\u00ed sez\u00f3nu n\u00e1m tyto dopl\u0148ky zlep\u0161\u00ed, ale neprodlou\u017e\u00ed n\u00e1m ji.<\/p>\n<p>Vy\u0161\u0161\u00ed tepeln\u00fd \u00fa\u010dinek pro oh\u0159ev vody a omezen\u00ed chladnut\u00ed zaji\u0161\u0165uje zast\u0159e\u0161en\u00ed. Zast\u0159e\u0161en\u00ed baz\u00e9n\u016f je zhotoveno ze stabilizovan\u00e9 kvalitn\u00ed f\u00f3lie, pod kterou se v l\u00e9t\u011b m\u016f\u017ee vy\u0161plhat teplota i k 60<sup>o<\/sup> C. I\u00a0p\u0159i slab\u00e9m slune\u010dn\u00edm svitu doch\u00e1z\u00ed k v\u00fdznamn\u00e9mu oh\u0159evu prostoru kolem baz\u00e9nu a vody p\u0159es vodn\u00ed hladinu. V pln\u00e9 sez\u00f3n\u011b teplota vody dos\u00e1hne 26 \u2013 29<sup>o<\/sup> C. Zast\u0159e\u0161en\u00ed baz\u00e9nu umo\u017en\u00ed tepl\u00e9 koup\u00e1n\u00ed ji\u017e od kv\u011btna a\u017e do konce z\u00e1\u0159\u00ed \u2013 prodlou\u017e\u00ed sez\u00f3nu t\u00e9m\u011b\u0159 o 150 %.<\/p>\n<p>Pokud chcete i p\u0159es dobr\u00e9 \u00fa\u010dinky zast\u0159e\u0161en\u00ed p\u0159ih\u0159\u00edvat vodu v baz\u00e9nu pomoc\u00ed sol\u00e1rn\u00edch kolektor\u016f, m\u016f\u017eete sn\u00ed\u017eit jejich plochu. Obecn\u011b se uv\u00e1d\u00ed, \u017ee pro nezakryt\u00e9 zahradn\u00ed baz\u00e9ny by m\u011bla b\u00fdt plocha sol\u00e1rn\u00edch panel\u016f p\u0159ibli\u017en\u011b stejn\u00e1 jako vodn\u00ed plocha baz\u00e9nu. Zakryt\u00ed baz\u00e9nu a omezen\u00ed ochlazov\u00e1n\u00ed vody sn\u00ed\u017e\u00ed pot\u0159ebu sol\u00e1rn\u00edch panel\u016f na polovinu plochy baz\u00e9nu.<\/p>\n<p><a href=\"http:\/\/www.tropiko.eu\/cz\/wp-content\/uploads\/tropiko-temperature.jpg\"><img loading=\"lazy\" decoding=\"async\" class=\"size-medium wp-image-124\" src=\"http:\/\/www.tropiko.eu\/cz\/wp-content\/uploads\/tropiko-temperature-300x121.jpg\" alt=\"Zast\u0159e\u0161en\u00ed baz\u00e9nu TROPIKO pro del\u0161\u00ed koup\u00e1n\u00ed, tepl\u00fd baz\u00e9n a \u010distou vodu jako azuro. Pro nadzemn\u00ed i zapu\u0161t\u011bn\u00e9 (kruhov\u00e9 \/ kulat\u00e9) zahradn\u00ed baz\u00e9ny.\" width=\"300\" height=\"121\" srcset=\"https:\/\/www.tropiko.cz\/cz\/wp-content\/uploads\/tropiko-temperature-300x121.jpg 300w, https:\/\/www.tropiko.cz\/cz\/wp-content\/uploads\/tropiko-temperature.jpg 510w\" sizes=\"auto, (max-width: 300px) 100vw, 300px\" \/><\/a><\/p>\n<p class=\"wp-caption-dd\">\n","protected":false},"excerpt":{"rendered":"<p>V\u011bt\u0161ina lid\u00ed pova\u017euje teplou vodu pro venkovn\u00ed koup\u00e1n\u00ed p\u0159i teplot\u011b nad 21o C. V pr\u016fb\u011bhu l\u00e9ta v na\u0161ich podm\u00ednk\u00e1ch je mo\u017en\u00e9 dos\u00e1hnout t\u011bchto teplot p\u0159i koup\u00e1n\u00ed od poloviny m\u011bs\u00edce \u010dervna do poloviny m\u011bs\u00edce srpna. \u00daniku tepla a no\u010dn\u00edho ochlazov\u00e1n\u00ed vody lze kr\u00e1tkodob\u011b omezit zakr\u00fdvac\u00edmi plachtami. Sol\u00e1rn\u00ed plachty t\u00e9\u017e urychluj\u00ed oh\u0159ev vody v baz\u00e9nu p\u0159i intenzivn\u00ed [&#8230;]\n","protected":false},"author":1,"featured_media":0,"parent":0,"menu_order":0,"comment_status":"closed","ping_status":"open","template":"","meta":{"footnotes":""},"class_list":["post-15","page","type-page","status-publish","hentry"],"_links":{"self":[{"href":"https:\/\/www.tropiko.cz\/cz\/wp-json\/wp\/v2\/pages\/15","targetHints":{"allow":["GET"]}}],"collection":[{"href":"https:\/\/www.tropiko.cz\/cz\/wp-json\/wp\/v2\/pages"}],"about":[{"href":"https:\/\/www.tropiko.cz\/cz\/wp-json\/wp\/v2\/types\/page"}],"author":[{"embeddable":true,"href":"https:\/\/www.tropiko.cz\/cz\/wp-json\/wp\/v2\/users\/1"}],"replies":[{"embeddable":true,"href":"https:\/\/www.tropiko.cz\/cz\/wp-json\/wp\/v2\/comments?post=15"}],"version-history":[{"count":3,"href":"https:\/\/www.tropiko.cz\/cz\/wp-json\/wp\/v2\/pages\/15\/revisions"}],"predecessor-version":[{"id":153,"href":"https:\/\/www.tropiko.cz\/cz\/wp-json\/wp\/v2\/pages\/15\/revisions\/153"}],"wp:attachment":[{"href":"https:\/\/www.tropiko.cz\/cz\/wp-json\/wp\/v2\/media?parent=15"}],"curies":[{"name":"wp","href":"https:\/\/api.w.org\/{rel}","templated":true}]}}