{"id":13,"date":"2014-12-03T15:28:57","date_gmt":"2014-12-03T15:28:57","guid":{"rendered":"http:\/\/www.tropiko.eu\/cz\/?page_id=13"},"modified":"2014-12-04T10:24:13","modified_gmt":"2014-12-04T10:24:13","slug":"100-odkryti-bazenu","status":"publish","type":"page","link":"https:\/\/www.tropiko.cz\/cz\/100-odkryti-bazenu\/","title":{"rendered":"100% odkryt\u00ed baz\u00e9nu"},"content":{"rendered":"<p><strong>Manipulace se zast\u0159e\u0161en\u00edm baz\u00e9nu<\/strong><br \/>\nZast\u0159e\u0161en\u00ed TROPIKO je navr\u017eeno tak, aby jej bylo mo\u017eno 100% otev\u0159\u00edt.<br \/>\nOtev\u0159en\u00ed krytu zvl\u00e1dne v\u017edy i jedna osoba. Po uvoln\u011bn\u00ed p\u0159\u00edpadn\u00e9ho zaji\u0161t\u011bn\u00ed krytu se nadzvedne v polovin\u011b oblouk le\u017e\u00edc\u00ed na zemi. Po otev\u0159en\u00ed o 2 metry je mo\u017en\u00e9 kryt ji\u017e pustit \u2013 otev\u0159en\u00ed krytu je doc\u00edleno jeho vlastn\u00ed vahou.<br \/>\nZast\u0159e\u0161en\u00ed je mo\u017en\u00e9 t\u00e9\u017e otev\u00edrat jen \u010d\u00e1ste\u010dn\u011b, co\u017e je mezi na\u0161imi z\u00e1kazn\u00edky velmi obl\u00edben\u00e9. Kryt se otev\u0159e od zem\u011b pouze tak, aby bylo mo\u017en\u00e9 vstoupit do baz\u00e9nu. K fixaci t\u00e9to polohy na\u0161i z\u00e1kazn\u00edci pou\u017e\u00edvaj\u00ed nap\u0159\u00edklad lana uchycen\u00e9ho na prvn\u00edm oblouku a v oku na dla\u017eb\u011b \u010di v zemi p\u0159ed baz\u00e9nem.<br \/>\nD\u00edky vyv\u00e1\u017een\u00ed oblouk\u016f lze se zast\u0159e\u0161en\u00edm lehce manipulovat tak, \u017ee se m\u016f\u017eete koupat se zav\u0159en\u00fdm zast\u0159e\u0161en\u00edm a p\u0159i vyl\u00e9z\u00e1n\u00ed jej snadno otev\u0159ete i z baz\u00e9nu.<br \/>\nUzav\u0159en\u00ed zcela otev\u0159en\u00e9ho krytu (jeho p\u0159eta\u017een\u00ed p\u0159es baz\u00e9n a p\u0159\u00edpadn\u00e9 zaji\u0161t\u011bn\u00ed) je u nejv\u011bt\u0161\u00edch pr\u016fm\u011br\u016f nutn\u00e9 prov\u00e1d\u011bt ve dvou osob\u00e1ch.<\/p>\n<p>&nbsp;<\/p>\n<p><a href=\"http:\/\/www.tropiko.eu\/cz\/wp-content\/uploads\/tropiko-07.jpg\"><img loading=\"lazy\" decoding=\"async\" class=\"size-medium wp-image-95\" src=\"http:\/\/www.tropiko.eu\/cz\/wp-content\/uploads\/tropiko-07-300x225.jpg\" alt=\"Zast\u0159e\u0161en\u00ed baz\u00e9nu TROPIKO pro del\u0161\u00ed koup\u00e1n\u00ed, tepl\u00fd baz\u00e9n a \u010distou vodu jako azuro. Pro nadzemn\u00ed i zapu\u0161t\u011bn\u00e9 (kruhov\u00e9 \/ kulat\u00e9) zahradn\u00ed baz\u00e9ny.\" width=\"300\" height=\"225\" srcset=\"https:\/\/www.tropiko.cz\/cz\/wp-content\/uploads\/tropiko-07-300x225.jpg 300w, https:\/\/www.tropiko.cz\/cz\/wp-content\/uploads\/tropiko-07-150x113.jpg 150w, https:\/\/www.tropiko.cz\/cz\/wp-content\/uploads\/tropiko-07-1024x768.jpg 1024w, https:\/\/www.tropiko.cz\/cz\/wp-content\/uploads\/tropiko-07.jpg 1200w\" sizes=\"auto, (max-width: 300px) 100vw, 300px\" \/><\/a><\/p>\n<p class=\"wp-caption-dd\">otev\u0159\u00edt zast\u0159e\u0161en\u00ed lze velmi lehce<\/p>\n<p><a href=\"http:\/\/www.tropiko.eu\/cz\/wp-content\/uploads\/tropiko-08.jpg\"><img loading=\"lazy\" decoding=\"async\" class=\"size-medium wp-image-96\" src=\"http:\/\/www.tropiko.eu\/cz\/wp-content\/uploads\/tropiko-08-300x225.jpg\" alt=\"Zast\u0159e\u0161en\u00ed baz\u00e9nu TROPIKO pro del\u0161\u00ed koup\u00e1n\u00ed, tepl\u00fd baz\u00e9n a \u010distou vodu jako azuro. Pro nadzemn\u00ed i zapu\u0161t\u011bn\u00e9 (kruhov\u00e9 \/ kulat\u00e9) zahradn\u00ed baz\u00e9ny.\" width=\"300\" height=\"225\" srcset=\"https:\/\/www.tropiko.cz\/cz\/wp-content\/uploads\/tropiko-08-300x225.jpg 300w, https:\/\/www.tropiko.cz\/cz\/wp-content\/uploads\/tropiko-08-150x113.jpg 150w, https:\/\/www.tropiko.cz\/cz\/wp-content\/uploads\/tropiko-08-1024x768.jpg 1024w, https:\/\/www.tropiko.cz\/cz\/wp-content\/uploads\/tropiko-08.jpg 1200w\" sizes=\"auto, (max-width: 300px) 100vw, 300px\" \/><\/a><\/p>\n<p class=\"wp-caption-dd\">v t\u00e9to f\u00e1zi je mo\u017en\u00e9 kryt pustit a nechat otev\u0159\u00edt vlastn\u00ed vahou<\/p>\n<p><a href=\"http:\/\/www.tropiko.eu\/cz\/wp-content\/uploads\/tropiko-10.jpg\"><img loading=\"lazy\" decoding=\"async\" class=\"size-medium wp-image-98\" src=\"http:\/\/www.tropiko.eu\/cz\/wp-content\/uploads\/tropiko-10-300x133.jpg\" alt=\"Zast\u0159e\u0161en\u00ed baz\u00e9nu TROPIKO pro del\u0161\u00ed koup\u00e1n\u00ed, tepl\u00fd baz\u00e9n a \u010distou vodu jako azuro. Pro nadzemn\u00ed i zapu\u0161t\u011bn\u00e9 (kruhov\u00e9 \/ kulat\u00e9) zahradn\u00ed baz\u00e9ny.\" width=\"300\" height=\"133\" srcset=\"https:\/\/www.tropiko.cz\/cz\/wp-content\/uploads\/tropiko-10-300x133.jpg 300w, https:\/\/www.tropiko.cz\/cz\/wp-content\/uploads\/tropiko-10-1024x453.jpg 1024w, https:\/\/www.tropiko.cz\/cz\/wp-content\/uploads\/tropiko-10.jpg 1200w\" sizes=\"auto, (max-width: 300px) 100vw, 300px\" \/><\/a><\/p>\n<p class=\"wp-caption-dd\">pln\u011b otev\u0159en\u00e9 zast\u0159e\u0161en\u00ed,\u00a0voln\u00fd p\u0159\u00edstup do baz\u00e9nu, neru\u0161en\u00e9 koup\u00e1n\u00ed<\/p>\n<p><a href=\"http:\/\/www.tropiko.eu\/cz\/wp-content\/uploads\/tropiko-34.jpg\"><img loading=\"lazy\" decoding=\"async\" class=\"size-medium wp-image-122\" src=\"http:\/\/www.tropiko.eu\/cz\/wp-content\/uploads\/tropiko-34-300x225.jpg\" alt=\"Zast\u0159e\u0161en\u00ed baz\u00e9nu TROPIKO pro del\u0161\u00ed koup\u00e1n\u00ed, tepl\u00fd baz\u00e9n a \u010distou vodu jako azuro. Pro nadzemn\u00ed i zapu\u0161t\u011bn\u00e9 (kruhov\u00e9 \/ kulat\u00e9) zahradn\u00ed baz\u00e9ny.\" width=\"300\" height=\"225\" srcset=\"https:\/\/www.tropiko.cz\/cz\/wp-content\/uploads\/tropiko-34-300x225.jpg 300w, https:\/\/www.tropiko.cz\/cz\/wp-content\/uploads\/tropiko-34-150x113.jpg 150w, https:\/\/www.tropiko.cz\/cz\/wp-content\/uploads\/tropiko-34-1024x768.jpg 1024w, https:\/\/www.tropiko.cz\/cz\/wp-content\/uploads\/tropiko-34.jpg 1200w\" sizes=\"auto, (max-width: 300px) 100vw, 300px\" \/><\/a><\/p>\n<p class=\"wp-caption-dd\">uzav\u0159en\u00ed zcela otev\u0159en\u00e9ho krytu u nejv\u011bt\u0161\u00edch pr\u016fm\u011br\u016f prov\u00e1d\u011bjte ve dvou osob\u00e1ch<\/p>\n","protected":false},"excerpt":{"rendered":"<p>Manipulace se zast\u0159e\u0161en\u00edm baz\u00e9nu Zast\u0159e\u0161en\u00ed TROPIKO je navr\u017eeno tak, aby jej bylo mo\u017eno 100% otev\u0159\u00edt. Otev\u0159en\u00ed krytu zvl\u00e1dne v\u017edy i jedna osoba. Po uvoln\u011bn\u00ed p\u0159\u00edpadn\u00e9ho zaji\u0161t\u011bn\u00ed krytu se nadzvedne v polovin\u011b oblouk le\u017e\u00edc\u00ed na zemi. Po otev\u0159en\u00ed o 2 metry je mo\u017en\u00e9 kryt ji\u017e pustit \u2013 otev\u0159en\u00ed krytu je doc\u00edleno jeho vlastn\u00ed vahou. Zast\u0159e\u0161en\u00ed je [&#8230;]\n","protected":false},"author":1,"featured_media":0,"parent":0,"menu_order":0,"comment_status":"closed","ping_status":"open","template":"","meta":{"footnotes":""},"class_list":["post-13","page","type-page","status-publish","hentry"],"_links":{"self":[{"href":"https:\/\/www.tropiko.cz\/cz\/wp-json\/wp\/v2\/pages\/13","targetHints":{"allow":["GET"]}}],"collection":[{"href":"https:\/\/www.tropiko.cz\/cz\/wp-json\/wp\/v2\/pages"}],"about":[{"href":"https:\/\/www.tropiko.cz\/cz\/wp-json\/wp\/v2\/types\/page"}],"author":[{"embeddable":true,"href":"https:\/\/www.tropiko.cz\/cz\/wp-json\/wp\/v2\/users\/1"}],"replies":[{"embeddable":true,"href":"https:\/\/www.tropiko.cz\/cz\/wp-json\/wp\/v2\/comments?post=13"}],"version-history":[{"count":4,"href":"https:\/\/www.tropiko.cz\/cz\/wp-json\/wp\/v2\/pages\/13\/revisions"}],"predecessor-version":[{"id":133,"href":"https:\/\/www.tropiko.cz\/cz\/wp-json\/wp\/v2\/pages\/13\/revisions\/133"}],"wp:attachment":[{"href":"https:\/\/www.tropiko.cz\/cz\/wp-json\/wp\/v2\/media?parent=13"}],"curies":[{"name":"wp","href":"https:\/\/api.w.org\/{rel}","templated":true}]}}