{"id":11,"date":"2014-12-03T15:27:53","date_gmt":"2014-12-03T15:27:53","guid":{"rendered":"http:\/\/www.tropiko.eu\/cz\/?page_id=11"},"modified":"2021-02-17T12:26:51","modified_gmt":"2021-02-17T12:26:51","slug":"vyhody-zastreseni-bazenu","status":"publish","type":"page","link":"https:\/\/www.tropiko.cz\/cz\/vyhody-zastreseni-bazenu\/","title":{"rendered":"v\u00fdhody zast\u0159e\u0161en\u00ed baz\u00e9nu"},"content":{"rendered":"<p><img loading=\"lazy\" decoding=\"async\" class=\"alignright size-thumbnail wp-image-284\" src=\"https:\/\/www.tropiko.cz\/cz\/wp-content\/uploads\/made-in-czech-republic-150x150.png\" alt=\"\" width=\"150\" height=\"150\" srcset=\"https:\/\/www.tropiko.cz\/cz\/wp-content\/uploads\/made-in-czech-republic-150x150.png 150w, https:\/\/www.tropiko.cz\/cz\/wp-content\/uploads\/made-in-czech-republic-100x100.png 100w, https:\/\/www.tropiko.cz\/cz\/wp-content\/uploads\/made-in-czech-republic-300x298.png 300w, https:\/\/www.tropiko.cz\/cz\/wp-content\/uploads\/made-in-czech-republic.png 530w\" sizes=\"auto, (max-width: 150px) 100vw, 150px\" \/><\/p>\n<p class=\"wp-caption-dd\">\n<p>Uva\u017eujete o zast\u0159e\u0161en\u00ed sv\u00e9ho baz\u00e9nu nebo p\u0159em\u00fd\u0161l\u00edte, jak\u00e9 d\u016fvody p\u0159im\u011bly na\u0161e z\u00e1kazn\u00edky, \u017ee si zast\u0159e\u0161en\u00ed po\u0159\u00eddili?<\/p>\n<p>Pro\u010d zast\u0159e\u0161it baz\u00e9n:<\/p>\n<ul>\n<li>Prodlou\u017e\u00edte koupac\u00ed sez\u00f3nu a\u017e o 150 % (ze 2 na 5 m\u011bs\u00edc\u016f) \u2013 p\u0159irozen\u00fdm zv\u00fd\u0161en\u00edm teploty vody v baz\u00e9nu.<\/li>\n<li>Zv\u00fd\u0161\u00edte \u010distotu baz\u00e9nu. Zna\u010dn\u011b omez\u00edte pra\u0161nost, pol\u00e9tav\u00fd prach a ne\u010distoty spadl\u00e9 do baz\u00e9nu.<\/li>\n<li>U\u0161et\u0159\u00edte za chemii na \u00fadr\u017ebu a \u010distotu vody.<\/li>\n<li>Omez\u00edte nep\u0159\u00edjemnou pov\u011btrnost. Navod\u00ed se pocit tepl\u00e9ho koup\u00e1n\u00ed \u2013 namo\u010den\u00e9ho hned neofoukne.<\/li>\n<li>Nepr\u0161\u00ed do baz\u00e9nu. Kysel\u00e1 de\u0161\u0165ov\u00e1 voda je pln\u00e1 ne\u010distot a v\u00fdrazn\u011b podporuje r\u016fst \u0159as a biologick\u00e9 zne\u010di\u0161t\u011bn\u00ed.<\/li>\n<li>Zast\u0159e\u0161en\u00ed m\u016f\u017eete snadno zcela otev\u0159\u00edt. Zast\u0159e\u0161en\u00ed tak nezab\u00edr\u00e1 v\u00fdhled, neru\u0161\u00ed p\u0159i koup\u00e1n\u00ed v l\u00e9t\u011b. V parn\u00fdch letn\u00edch dnech lze \u00fapln\u00fdm otev\u0159en\u00edm p\u0159eru\u0161it \u201ep\u0159eh\u0159\u00edv\u00e1n\u00ed\u201c vody v baz\u00e9nu i vzduchu nad hladinou.<\/li>\n<li>D\u00edky jednoduch\u00e9 mont\u00e1\u017ei u\u0161et\u0159\u00edte p\u0159i po\u0159\u00edzen\u00ed na\u0161eho zast\u0159e\u0161en\u00ed dal\u0161\u00ed finan\u010dn\u00ed prost\u0159edky. Mont\u00e1\u017e zvl\u00e1dnete i sv\u00e9pomoc\u00ed.<\/li>\n<li>V p\u0159\u00edpad\u011b p\u0159em\u00edst\u011bn\u00ed nebo zru\u0161en\u00ed baz\u00e9nu lze zast\u0159e\u0161en\u00ed snadno a rychle p\u0159em\u00edstit, demontovat nebo zcela rozlo\u017eit pro do\u010dasn\u00e9 uskladn\u011bn\u00ed.<\/li>\n<\/ul>\n<p><a href=\"http:\/\/www.tropiko.eu\/cz\/wp-content\/uploads\/tropiko-03.jpg\"><img loading=\"lazy\" decoding=\"async\" class=\"wp-image-91 size-medium\" src=\"http:\/\/www.tropiko.eu\/cz\/wp-content\/uploads\/tropiko-03-300x229.jpg\" alt=\"Zast\u0159e\u0161en\u00ed baz\u00e9nu TROPIKO pro del\u0161\u00ed koup\u00e1n\u00ed, tepl\u00fd baz\u00e9n a \u010distou vodu jako azuro. Pro nadzemn\u00ed i zapu\u0161t\u011bn\u00e9 (kruhov\u00e9 \/ kulat\u00e9) zahradn\u00ed baz\u00e9ny.\" width=\"300\" height=\"229\" srcset=\"https:\/\/www.tropiko.cz\/cz\/wp-content\/uploads\/tropiko-03-300x230.jpg 300w, https:\/\/www.tropiko.cz\/cz\/wp-content\/uploads\/tropiko-03-1024x783.jpg 1024w, https:\/\/www.tropiko.cz\/cz\/wp-content\/uploads\/tropiko-03.jpg 1200w\" sizes=\"auto, (max-width: 300px) 100vw, 300px\" \/><\/a><\/p>\n<p class=\"wp-caption-dd\">\n","protected":false},"excerpt":{"rendered":"<p>Uva\u017eujete o zast\u0159e\u0161en\u00ed sv\u00e9ho baz\u00e9nu nebo p\u0159em\u00fd\u0161l\u00edte, jak\u00e9 d\u016fvody p\u0159im\u011bly na\u0161e z\u00e1kazn\u00edky, \u017ee si zast\u0159e\u0161en\u00ed po\u0159\u00eddili? Pro\u010d zast\u0159e\u0161it baz\u00e9n: Prodlou\u017e\u00edte koupac\u00ed sez\u00f3nu a\u017e o 150 % (ze 2 na 5 m\u011bs\u00edc\u016f) \u2013 p\u0159irozen\u00fdm zv\u00fd\u0161en\u00edm teploty vody v baz\u00e9nu. Zv\u00fd\u0161\u00edte \u010distotu baz\u00e9nu. Zna\u010dn\u011b omez\u00edte pra\u0161nost, pol\u00e9tav\u00fd prach a ne\u010distoty spadl\u00e9 do baz\u00e9nu. U\u0161et\u0159\u00edte za chemii na [&#8230;]\n","protected":false},"author":1,"featured_media":0,"parent":0,"menu_order":0,"comment_status":"closed","ping_status":"open","template":"","meta":{"footnotes":""},"class_list":["post-11","page","type-page","status-publish","hentry"],"_links":{"self":[{"href":"https:\/\/www.tropiko.cz\/cz\/wp-json\/wp\/v2\/pages\/11","targetHints":{"allow":["GET"]}}],"collection":[{"href":"https:\/\/www.tropiko.cz\/cz\/wp-json\/wp\/v2\/pages"}],"about":[{"href":"https:\/\/www.tropiko.cz\/cz\/wp-json\/wp\/v2\/types\/page"}],"author":[{"embeddable":true,"href":"https:\/\/www.tropiko.cz\/cz\/wp-json\/wp\/v2\/users\/1"}],"replies":[{"embeddable":true,"href":"https:\/\/www.tropiko.cz\/cz\/wp-json\/wp\/v2\/comments?post=11"}],"version-history":[{"count":3,"href":"https:\/\/www.tropiko.cz\/cz\/wp-json\/wp\/v2\/pages\/11\/revisions"}],"predecessor-version":[{"id":419,"href":"https:\/\/www.tropiko.cz\/cz\/wp-json\/wp\/v2\/pages\/11\/revisions\/419"}],"wp:attachment":[{"href":"https:\/\/www.tropiko.cz\/cz\/wp-json\/wp\/v2\/media?parent=11"}],"curies":[{"name":"wp","href":"https:\/\/api.w.org\/{rel}","templated":true}]}}